{"id":10,"date":"2016-01-30T13:49:44","date_gmt":"2016-01-30T12:49:44","guid":{"rendered":"http:\/\/skifflemen.de\/?page_id=10"},"modified":"2019-10-23T18:59:01","modified_gmt":"2019-10-23T16:59:01","slug":"wolfgang","status":"publish","type":"page","link":"https:\/\/skifflemen.de\/?page_id=10","title":{"rendered":"Dieter"},"content":{"rendered":"<p><span style=\"font-family: tahoma,arial,helvetica,sans-serif; font-size: 12pt;\"><img decoding=\"async\" class=\"details-image\" draggable=\"false\" src=\"http:\/\/skifflemen.de\/wp-content\/uploads\/2019\/10\/25-1024x681.jpg\" alt=\"\" \/><\/span><\/p>\n<p><span style=\"color: #000000; font-family: tahoma,arial,helvetica,sans-serif; font-size: 12pt;\">Ich hatte die ersten Jahrzehnte meines Lebens in meiner Geburts- und Heimatstadt Bitburg (ja, da wo das beste aller Biere herkommt) verbracht.<\/span><\/p>\n<p><span style=\"color: #000000; font-family: tahoma,arial,helvetica,sans-serif; font-size: 12pt;\">Mit 14 Jahren kaufte ich mir von meinem Taschengeld meine erste Gitarre. Da die Kohle f\u00fcr die bereits damals -wenn auch sp\u00e4rlich- vorhandene Fachliteratur nicht ausreichte, bastelte ich mir die Grifftabellen selbst am Klavier zusammen.<\/span><\/p>\n<p><span style=\"color: #000000; font-family: tahoma,arial,helvetica,sans-serif; font-size: 12pt;\">Zun\u00e4chst spielte ich als Kontrabassist in einer lokalen Bigband, dann als Saxophonist (Altsax) in einer Jazzcombo.<\/span><\/p>\n<p><span style=\"color: #000000; font-family: tahoma,arial,helvetica,sans-serif; font-size: 12pt;\">So dauerte es einig Zeit, bis ich als Gitarrist in einer der typischen Instrumentalgruppen der 60er Jahre Fu\u00df fassen konnte, unser Repertoire bestand im Wesentlichen aus den St\u00fccken der Shadows, Ventures, Spotnicks und von Chet Atkins.<\/span><\/p>\n<p><span style=\"color: #000000; font-family: tahoma,arial,helvetica,sans-serif; font-size: 12pt;\">Bedingt durch die N\u00e4he zweier amerikanischer Air Force Bases (Bitburg und Spangdahlem) ergab es sich zwangsweise, dass das Programm immer Country lastiger wurde. Dann, Ende der 60er hatte ich meine erste deutsch-amerikanische Country Band \u201eBonny Mills and The International Vagabonds\u201c. Wir tourten mit Tex Williams, Ricky Nelson und Don Williams, wann immer einer dieser Stars nach Europa kam, als deren Begleitband durch die amerikanischen NCO- und Rod &amp; Gun Clubs in ganz Europa.<\/span><\/p>\n<p><span style=\"color: #000000; font-family: tahoma,arial,helvetica,sans-serif; font-size: 12pt;\">Aufgrund meines Berufs als Architekt und Bauingenieur -und meiner damaligen T\u00e4tigkeit als Area-Architekt f\u00fcr AAFES- kam ich immer wieder in die Vereinigten Staaten von Amerika. Dort traf ich mit wirklichen Pers\u00f6nlichkeiten wie Chet Atkins, Johnny Cash, und andere zusammen, welche meinen musikalischen Lebensweg deutlich pr\u00e4gten. <\/span><\/p>\n<p><span style=\"color: #000000; font-family: tahoma,arial,helvetica,sans-serif; font-size: 12pt;\">Im August 1969 verschlug es mich auf eine \u00fcberbev\u00f6lkerte Wiese auf einem unerschlossenen Farmgel\u00e4nde in White Lake, nahe Bethel\/NY. Dort fand das ber\u00fchmte Woodstock-Festival statt. Auch ein pr\u00e4gendes Erlebnis\u2026\u2026<a style=\"color: #000000;\" name=\"_GoBack\"><\/a><\/span><\/p>\n<p><span style=\"color: #000000; font-family: tahoma,arial,helvetica,sans-serif; font-size: 12pt;\">In der Folge hatte ich in Deutschland in etlichen Bands gespielt, irgendwann hat es mich aber immer wieder zu den Oldie-Wurzeln zur\u00fcckgezogen.<\/span><\/p>\n<p><span style=\"color: #000000; font-family: tahoma,arial,helvetica,sans-serif; font-size: 12pt;\">Inzwischen spiele ich den Bass in Dick Barber&#8217;s Skiffle Men-Formation. Dabei handelt es sich z. T. um Musikkollegen, mit welchen ich bereits in anderen Bands zusammen spielte oder noch spiele, z. B. Peter, der Banjomann und Achim, der Drummer.<\/span><\/p>\n<p><span style=\"color: #000000; font-family: tahoma,arial,helvetica,sans-serif; font-size: 12pt;\">Mein Einstieg bei dieser Band vermittelte mir das \u201eback-to-the-roots\u201c Gef\u00fchl, welches man braucht, um musikalisch wirklich als Amateur leisten zu k\u00f6nnen. Die Chemie muss stimmen, sie stimmt !<\/span><\/p>\n<p><span style=\"font-family: tahoma,arial,helvetica,sans-serif; font-size: 12pt;\">\u00a0<\/span><\/p>\n<p><span style=\"font-family: tahoma,arial,helvetica,sans-serif; font-size: 12pt;\">\u00a0<\/span><\/p>\n","protected":false},"excerpt":{"rendered":"<p>Ich hatte die ersten Jahrzehnte meines Lebens in meiner Geburts- und Heimatstadt Bitburg (ja, da wo das beste aller Biere herkommt) verbracht. Mit 14 Jahren kaufte ich mir von meinem Taschengeld meine erste Gitarre. Da die Kohle f\u00fcr die bereits damals -wenn auch sp\u00e4rlich- vorhandene Fachliteratur nicht ausreichte, bastelte ich mir die Grifftabellen selbst am &hellip; <a href=\"https:\/\/skifflemen.de\/?page_id=10\" class=\"more-link\"><span class=\"screen-reader-text\">&#8222;Dieter&#8220; <\/span>weiterlesen<\/a><\/p>\n","protected":false},"author":2,"featured_media":0,"parent":0,"menu_order":0,"comment_status":"closed","ping_status":"closed","template":"","meta":{"footnotes":""},"_links":{"self":[{"href":"https:\/\/skifflemen.de\/index.php?rest_route=\/wp\/v2\/pages\/10"}],"collection":[{"href":"https:\/\/skifflemen.de\/index.php?rest_route=\/wp\/v2\/pages"}],"about":[{"href":"https:\/\/skifflemen.de\/index.php?rest_route=\/wp\/v2\/types\/page"}],"author":[{"embeddable":true,"href":"https:\/\/skifflemen.de\/index.php?rest_route=\/wp\/v2\/users\/2"}],"replies":[{"embeddable":true,"href":"https:\/\/skifflemen.de\/index.php?rest_route=%2Fwp%2Fv2%2Fcomments&post=10"}],"version-history":[{"count":16,"href":"https:\/\/skifflemen.de\/index.php?rest_route=\/wp\/v2\/pages\/10\/revisions"}],"predecessor-version":[{"id":811,"href":"https:\/\/skifflemen.de\/index.php?rest_route=\/wp\/v2\/pages\/10\/revisions\/811"}],"wp:attachment":[{"href":"https:\/\/skifflemen.de\/index.php?rest_route=%2Fwp%2Fv2%2Fmedia&parent=10"}],"curies":[{"name":"wp","href":"https:\/\/api.w.org\/{rel}","templated":true}]}}