{"id":2,"date":"2016-01-11T05:45:50","date_gmt":"2016-01-11T05:45:50","guid":{"rendered":"http:\/\/skifflemen.de\/?page_id=2"},"modified":"2024-07-27T11:41:18","modified_gmt":"2024-07-27T09:41:18","slug":"sample-page","status":"publish","type":"page","link":"https:\/\/skifflemen.de\/","title":{"rendered":""},"content":{"rendered":"\n<figure class=\"wp-block-image size-large is-resized\"><img loading=\"lazy\" decoding=\"async\" width=\"868\" height=\"1024\" src=\"http:\/\/skifflemen.de\/wp-content\/uploads\/2024\/07\/Peter-1b-868x1024.jpg\" alt=\"\" class=\"wp-image-853\" style=\"width:405px;height:auto\" srcset=\"https:\/\/skifflemen.de\/wp-content\/uploads\/2024\/07\/Peter-1b-868x1024.jpg 868w, https:\/\/skifflemen.de\/wp-content\/uploads\/2024\/07\/Peter-1b-254x300.jpg 254w, https:\/\/skifflemen.de\/wp-content\/uploads\/2024\/07\/Peter-1b-768x906.jpg 768w, https:\/\/skifflemen.de\/wp-content\/uploads\/2024\/07\/Peter-1b-1302x1536.jpg 1302w, https:\/\/skifflemen.de\/wp-content\/uploads\/2024\/07\/Peter-1b-1736x2048.jpg 1736w, https:\/\/skifflemen.de\/wp-content\/uploads\/2024\/07\/Peter-1b-1200x1416.jpg 1200w\" sizes=\"(max-width: 709px) 85vw, (max-width: 909px) 67vw, (max-width: 1362px) 62vw, 840px\" \/><\/figure>\n\n\n\n<p class=\"has-text-align-left\">In liebevoller Erinnerung an Peter, unseren \u201eBanjo Boy\u201c.<br>* 24.06.1939 \u2013 \u2020 23.07.2024<\/p>\n\n\n\n<figure class=\"wp-block-image\"><img decoding=\"async\" src=\"http:\/\/skifflemen.de\/wp-content\/uploads\/2019\/10\/Skiffle-Men-Wehrheim-v2-1024x567.jpg\" alt=\"\"\/><\/figure>\n\n\n\n<p class=\"has-text-align-center\"><span style=\"color: #000000;\"><em><span style=\"font-size: 28px;\"><span style=\"font-family: tahoma,geneva,sans-serif;\">&#8222;Back to the roots with Skiffle Music&#8220;<\/span><\/span><\/em><\/span><span style=\"font-size: 10px;\"><span style=\"font-family: tahoma,geneva,sans-serif;\">&nbsp;<\/span><\/span><br>\n<span style=\"font-size: 16px;\"><span style=\"font-family: tahoma,geneva,sans-serif;\"><span style=\"color: #000000;\">&#8230; so lautet das Motto der&nbsp;vier Musiker aus dem Usinger Land.<\/span><\/span><\/span><br>\n<span style=\"font-size: 16px;\"><span style=\"font-family: tahoma,geneva,sans-serif;\"><span style=\"color: #000000;\">Mit der Wiederauferstehung der Skiffle-Musik wurde diesem Genre nach fast 70 Jahren eine gute Portion Lebensfreude mitgegeben. <i>Skiffle <\/i>verbreitet gute Laune bei Stadt-Events, Gesch\u00e4ftser\u00f6ffnungen, Pr\u00e4sentation neuer Produkte, Familien- Feiern und ist die ideale Unterhaltungsmusik bei Fr\u00fchschoppen. Wer zuh\u00f6rt, ist begeistert. <\/span><i><span style=\"color: #000000;\">Skiffle <\/span><\/i><span style=\"color: #000000;\">ist eine gelungene Mischung aus Jazz, Rock und Volksmusik und wird immer etwas ganz Besonderes sein. Sie ist eine Musik, die sich selbst nicht wirklich ernst nimmt. Erkennbar bereits an der Standardbesetzung: Waschbrett, Banjo, Gitarre, Kazoo, Bass und Gesang. <\/span><\/span><\/span><\/p>\n\n\n\n<p class=\"has-text-align-center\"><span style=\"color: #000000;\"><em><span style=\"font-family: tahoma,geneva,sans-serif;\"><span style=\"font-size: 24px;\">Die Skiffle Men haben eine CD<\/span><\/span><\/em><\/span><br>\n<span style=\"font-size: 36px;\"><strong><span style=\"color: #000000;\"><em><span style=\"font-family: tahoma,geneva,sans-serif;\">&#8222;Cool &amp; Crazy&#8220;<\/span><\/em><\/span><\/strong><\/span><br>\n<span style=\"color: #000000;\"><em><span style=\"font-family: tahoma,geneva,sans-serif;\"><span style=\"font-size: 24px;\">Die CD ist auf allen Veranstaltungen und Konzerten von uns erh\u00e4ltlich!<\/span><\/span><\/em><\/span><\/p>\n\n\n\n<figure class=\"wp-block-image\"><img loading=\"lazy\" decoding=\"async\" width=\"1747\" height=\"853\" src=\"http:\/\/skifflemen.de\/wp-content\/uploads\/2017\/07\/CD-for-HP-v1.jpg\" alt=\"\" class=\"wp-image-468\" srcset=\"https:\/\/skifflemen.de\/wp-content\/uploads\/2017\/07\/CD-for-HP-v1.jpg 1747w, https:\/\/skifflemen.de\/wp-content\/uploads\/2017\/07\/CD-for-HP-v1-300x146.jpg 300w, https:\/\/skifflemen.de\/wp-content\/uploads\/2017\/07\/CD-for-HP-v1-768x375.jpg 768w, https:\/\/skifflemen.de\/wp-content\/uploads\/2017\/07\/CD-for-HP-v1-1024x500.jpg 1024w, https:\/\/skifflemen.de\/wp-content\/uploads\/2017\/07\/CD-for-HP-v1-1200x586.jpg 1200w\" sizes=\"(max-width: 709px) 85vw, (max-width: 909px) 67vw, (max-width: 1362px) 62vw, 840px\" \/><\/figure>\n\n\n\n<p class=\"has-text-align-center\"><\/p>\n","protected":false},"excerpt":{"rendered":"<p>In liebevoller Erinnerung an Peter, unseren \u201eBanjo Boy\u201c.* 24.06.1939 \u2013 \u2020 23.07.2024 &#8222;Back to the roots with Skiffle Music&#8220;&nbsp; &#8230; so lautet das Motto der&nbsp;vier Musiker aus dem Usinger Land. Mit der Wiederauferstehung der Skiffle-Musik wurde diesem Genre nach fast 70 Jahren eine gute Portion Lebensfreude mitgegeben. Skiffle verbreitet gute Laune bei Stadt-Events, Gesch\u00e4ftser\u00f6ffnungen, Pr\u00e4sentation &hellip; <a href=\"https:\/\/skifflemen.de\/\" class=\"more-link\"><span class=\"screen-reader-text\">&#8222;&#8220; <\/span>weiterlesen<\/a><\/p>\n","protected":false},"author":1,"featured_media":0,"parent":0,"menu_order":0,"comment_status":"closed","ping_status":"closed","template":"","meta":{"footnotes":""},"_links":{"self":[{"href":"https:\/\/skifflemen.de\/index.php?rest_route=\/wp\/v2\/pages\/2"}],"collection":[{"href":"https:\/\/skifflemen.de\/index.php?rest_route=\/wp\/v2\/pages"}],"about":[{"href":"https:\/\/skifflemen.de\/index.php?rest_route=\/wp\/v2\/types\/page"}],"author":[{"embeddable":true,"href":"https:\/\/skifflemen.de\/index.php?rest_route=\/wp\/v2\/users\/1"}],"replies":[{"embeddable":true,"href":"https:\/\/skifflemen.de\/index.php?rest_route=%2Fwp%2Fv2%2Fcomments&post=2"}],"version-history":[{"count":74,"href":"https:\/\/skifflemen.de\/index.php?rest_route=\/wp\/v2\/pages\/2\/revisions"}],"predecessor-version":[{"id":860,"href":"https:\/\/skifflemen.de\/index.php?rest_route=\/wp\/v2\/pages\/2\/revisions\/860"}],"wp:attachment":[{"href":"https:\/\/skifflemen.de\/index.php?rest_route=%2Fwp%2Fv2%2Fmedia&parent=2"}],"curies":[{"name":"wp","href":"https:\/\/api.w.org\/{rel}","templated":true}]}}