{"id":431,"date":"2017-03-15T20:22:17","date_gmt":"2017-03-15T18:22:17","guid":{"rendered":"http:\/\/skifflemen.de\/?page_id=431"},"modified":"2020-06-18T20:46:32","modified_gmt":"2020-06-18T18:46:32","slug":"die-skiffle-men","status":"publish","type":"page","link":"https:\/\/skifflemen.de\/?page_id=431","title":{"rendered":"Die Skiffle Men"},"content":{"rendered":"<p><span style=\"font-family: tahoma,geneva,sans-serif;\"><span style=\"font-size: 16px;\">Alle Musiker der <\/span><\/span><span style=\"font-size: 16px;\"><span style=\"font-family: Tahoma;\">\u201eSkiffle Men\u201c <\/span><\/span><span style=\"font-family: tahoma,geneva,sans-serif;\"><span style=\"font-size: 16px;\">haben langj\u00e4hrige B\u00fchnen- und Studioerfahrung. Bands kommen und gehen und kaum eine Musikgruppe besteht in ihrer urspr\u00fcnglichen Besetzung f\u00fcr alle Zeiten. So auch die Mitglieder der Skiffle Men. In den vergangenen Jahrzehnten haben sie in vielen Formationen gespielt und dabei Erfahrung gesammelt.<\/span><\/span><\/p>\n<p><span style=\"font-family: tahoma,geneva,sans-serif;\"><span style=\"font-size: 16px;\">Irgendwann kreuzen sich die Wege vieler Musiker und so war es auch bei den Skiffle Men. Auf einer Geburtstagsfeier lernten sich Dick Barber und Peter Krings kennen. Schnell war klar, dass die musikalischen Interessen der beiden Gitarristen weitestgehend identisch waren.<\/span><\/span><\/p>\n<p><span style=\"font-family: tahoma,geneva,sans-serif;\"><span style=\"font-size: 16px;\">Man schaute sich unter befreundeten Musikern um und traf auf Wolfgang Ettig und Achim Falke. Erste Proben ergaben, dass die \u201eChemie\u201c der neuen Bandmitglieder stimmt \u2013 eine sehr wichtige Voraussetzung zum Erfolg einer Band\u00a0\u00a0<\/span><\/span><\/p>\n<p><span style=\"font-family: tahoma,geneva,sans-serif;\"><span style=\"font-size: 16px;\">Zun\u00e4chst wurden die \u00fcblichen Standard-Oldies gespielt. Es folgte eine Spezialisierung auf Gitarren-Instrumentals, wobei Shadows &amp; Co die Vorbilder waren.<\/span><\/span><\/p>\n<p><span style=\"font-family: tahoma,geneva,sans-serif;\"><span style=\"font-size: 16px;\">\u201eStudioarbeit ist die beste Probe\u201c \u2013 so die Devise der Gruppe. In Dick&#8217;s Keller wurde ein Aufnahmestudio eingerichtet und Peter, der sich beruflich mit Tonaufnahmen befasst hatte, stellte ebenfalls Raum zur Nachbearbeitung der Aufnahmen zur Verf\u00fcgung. Aus seiner aktiven Studiozeit waren Erfahrung und Ger\u00e4te vorhanden, sodass die musikalischen Ideen sofort umgesetzt werden konnten.<\/span><\/span><\/p>\n<p><span style=\"font-family: tahoma,geneva,sans-serif;\"><span style=\"font-size: 16px;\">Der Name \u201eREMIX\u201c wurde gew\u00e4hlt, um zu dokumentieren, dass die langj\u00e4hrige Erfahrung im vorger\u00fcckten Alter noch einmal aktiviert und erfolgreich umgesetzt werden kann. \u201eREMIX\u201c spielte zwei CD&#8217;s mit bekannten Gitarren-Instrumentals ein.<\/span><\/span><\/p>\n<p><span style=\"font-family: tahoma,geneva,sans-serif;\"><span style=\"font-size: 16px;\">Irgendwann wurde die Studioarbeit etwas zu intensiv und die vier Akteure suchten einen Weg zur musikalischen Entspannung. So kam Skiffle ins Spiel. Allen war diese Musik aus \u201eUrzeiten\u201c noch bekannt und es stellte sich heraus, dass Dick nach \u00fcber 50 Jahren die alten Texte und Melodien noch im Kopf hatte. \u201eREMIX\u201c wurde vor\u00fcbergehend zur Seite gelegt und die \u201eSkiffle Men\u201c gegr\u00fcndet.<\/span><\/span><\/p>\n<p><span style=\"font-family: tahoma,geneva,sans-serif;\"><span style=\"font-size: 16px;\">Nat\u00fcrlich war eine Umstellung auf ganz neue (alte) Rhythmen erforderlich. Diese gelang sofort und die Freude an Skiffle-Musik begeistert nicht nur die Bandmitglieder, sondern auch die Zuh\u00f6rer.<\/span><\/span><\/p>\n<p><span style=\"font-family: tahoma,geneva,sans-serif;\"><span style=\"font-size: 16px;\">Bei Skiffle kommt fr\u00f6hliche Stimmung auf &#8211; das Publikum ist begeistert. Sogar junge Leute, die diese Musik noch nie geh\u00f6rt haben, swingen mit. Schon bei den ersten Auftritten waren begeisterte altgediente Musiker\u00a0 in Scharen gekommen, um diese Musik noch einmal zu erleben.<\/span><\/span><\/p>\n<p><span style=\"font-family: tahoma,geneva,sans-serif;\"><span style=\"font-size: 16px;\">Die \u201eSkiffle Men\u201c freuen sich \u00fcber diese Entwicklung &#8211; sind sie doch auf dem richtigen Weg \u2026.<\/span><\/span><\/p>\n","protected":false},"excerpt":{"rendered":"<p>Alle Musiker der \u201eSkiffle Men\u201c haben langj\u00e4hrige B\u00fchnen- und Studioerfahrung. Bands kommen und gehen und kaum eine Musikgruppe besteht in ihrer urspr\u00fcnglichen Besetzung f\u00fcr alle Zeiten. So auch die Mitglieder der Skiffle Men. In den vergangenen Jahrzehnten haben sie in vielen Formationen gespielt und dabei Erfahrung gesammelt. Irgendwann kreuzen sich die Wege vieler Musiker und &hellip; <a href=\"https:\/\/skifflemen.de\/?page_id=431\" class=\"more-link\"><span class=\"screen-reader-text\">&#8222;Die Skiffle Men&#8220; <\/span>weiterlesen<\/a><\/p>\n","protected":false},"author":1,"featured_media":0,"parent":0,"menu_order":0,"comment_status":"closed","ping_status":"closed","template":"","meta":{"footnotes":""},"_links":{"self":[{"href":"https:\/\/skifflemen.de\/index.php?rest_route=\/wp\/v2\/pages\/431"}],"collection":[{"href":"https:\/\/skifflemen.de\/index.php?rest_route=\/wp\/v2\/pages"}],"about":[{"href":"https:\/\/skifflemen.de\/index.php?rest_route=\/wp\/v2\/types\/page"}],"author":[{"embeddable":true,"href":"https:\/\/skifflemen.de\/index.php?rest_route=\/wp\/v2\/users\/1"}],"replies":[{"embeddable":true,"href":"https:\/\/skifflemen.de\/index.php?rest_route=%2Fwp%2Fv2%2Fcomments&post=431"}],"version-history":[{"count":8,"href":"https:\/\/skifflemen.de\/index.php?rest_route=\/wp\/v2\/pages\/431\/revisions"}],"predecessor-version":[{"id":846,"href":"https:\/\/skifflemen.de\/index.php?rest_route=\/wp\/v2\/pages\/431\/revisions\/846"}],"wp:attachment":[{"href":"https:\/\/skifflemen.de\/index.php?rest_route=%2Fwp%2Fv2%2Fmedia&parent=431"}],"curies":[{"name":"wp","href":"https:\/\/api.w.org\/{rel}","templated":true}]}}