{"id":6,"date":"2016-01-30T13:48:02","date_gmt":"2016-01-30T12:48:02","guid":{"rendered":"http:\/\/skifflemen.de\/?page_id=6"},"modified":"2019-10-26T22:06:47","modified_gmt":"2019-10-26T20:06:47","slug":"dick","status":"publish","type":"page","link":"https:\/\/skifflemen.de\/?page_id=6","title":{"rendered":"Dick"},"content":{"rendered":"<p><img loading=\"lazy\" decoding=\"async\" class=\"aligncenter size-full wp-image-814\" src=\"http:\/\/skifflemen.de\/wp-content\/uploads\/2019\/10\/Dick-in-Wehrheim.jpg\" alt=\"\" width=\"1920\" height=\"1280\" srcset=\"https:\/\/skifflemen.de\/wp-content\/uploads\/2019\/10\/Dick-in-Wehrheim.jpg 1920w, https:\/\/skifflemen.de\/wp-content\/uploads\/2019\/10\/Dick-in-Wehrheim-300x200.jpg 300w, https:\/\/skifflemen.de\/wp-content\/uploads\/2019\/10\/Dick-in-Wehrheim-768x512.jpg 768w, https:\/\/skifflemen.de\/wp-content\/uploads\/2019\/10\/Dick-in-Wehrheim-1024x683.jpg 1024w, https:\/\/skifflemen.de\/wp-content\/uploads\/2019\/10\/Dick-in-Wehrheim-1200x800.jpg 1200w\" sizes=\"(max-width: 709px) 85vw, (max-width: 909px) 67vw, (max-width: 1362px) 62vw, 840px\" \/><\/p>\n<p><span style=\"font-size: 16px;\"><span style=\"font-family: tahoma,geneva,sans-serif;\">Es war im Jahre 1960, als Dick seine erste Gitarre kaufte. Er wollte unbedingt wie Hank Marvin spielen, seit er Apache von &#8222;The Shadows&#8220; im Radio h\u00f6rte. In den Jahren davor war er auch gro\u00dfer Fan von Bill Haley, Elvis und nat\u00fcrlich von &#8222;The King of Skiffle&#8220; &#8211; Lonnie Donegan.<\/span><\/span><\/p>\n<p><span style=\"font-size: 16px;\"><span style=\"font-family: tahoma,geneva,sans-serif;\">Seinen ersten Verst\u00e4rker hat Dick selbst zusammengebaut \u2013 noch mit primitivem Federhall. Das war der Anfang seiner Gitarren-Karriere.<\/span><\/span><\/p>\n<p><span style=\"font-size: 16px;\"><span style=\"font-family: tahoma,geneva,sans-serif;\">Dick lebte zu dieser Zeit an der S\u00fcdk\u00fcste Englands und spielte nacheinander in verschiedenen Bands. Sein Repertoire umfasste zun\u00e4chst Skiffle Musik, dann Rock &amp; Roll und R&amp;B bis hin zu Country und Western.<\/span><\/span><\/p>\n<p><span style=\"font-size: 16px;\"><span style=\"font-family: tahoma,geneva,sans-serif;\">In dieser Zeit versuchte Dick mit Bob Brunning \u2013 dem sp\u00e4teren ersten Bassist von &#8222;Fleetwood Mac&#8220; &#8211; eine Band zu gr\u00fcnden. Leider fand man keinen geeigneten Schlagzeuger, sodass Bob zu Peter Green (Fleetwood Mac) wechselte und Dick mit der Band \u201eThe Flames\u201c Erfolge an der Englischen S\u00fcdk\u00fcste hatte.<\/span><\/span><\/p>\n<p><span style=\"font-size: 16px;\"><span style=\"font-family: tahoma,geneva,sans-serif;\">Da die Instrumentaltitel der \u201eShadows\u201c und \u201eVentures\u201c immer Bestandteil von Dick\u00b4s Repertoire waren, versuchte er durch Experimente, den Original-Sound dieser Gruppen zu kopieren oder noch zu verbessern. Eine spezielle \u201eStrat\u201c, ausgew\u00e4hlte Effektger\u00e4te und seine spezielle Spielweise verhalfen ihm zu seinem Wunsch-Sound. Die Arbeit hat sich gelohnt: Tats\u00e4chlich ist Dick&#8217;s Gitarrensound fantastisch.<\/span><\/span><\/p>\n<p><span style=\"font-size: 16px;\"><span style=\"font-family: tahoma,geneva,sans-serif;\">1974 wechselte Dick seinen Wohnsitz und zog aus beruflichen Gr\u00fcnden nach Deutschland. Musik war nun seine Entspannung in stressigen Zeiten &#8211; gemeinsam mit Freunden. Er spielte zun\u00e4chst in der Darmst\u00e4dter \u201eESOC Jazz Band\u201c und ab 1987 in der Band &#8222;All My Rowdy Friends&#8220;. Eine LP kr\u00f6nte diese musikalische Phase.<\/span><\/span><\/p>\n<p><span style=\"font-size: 16px;\"><span style=\"font-family: tahoma,geneva,sans-serif;\">2009 ging Dick in den Ruhestand und hatte nun wieder Zeit, seinen musikalischen Neigungen nachzugehen. Einige Solo-Auftritte folgten und bei einer dieser Aktionen <\/span><\/span><span style=\"font-size: 16px;\"><span style=\"font-family: tahoma,geneva,sans-serif;\">lernte er Peter Krings kennen \u2013 ebenfalls ein gro\u00dfer Shadows-Fan. Beide Gitarristen wollten \u201ees noch einmal wissen\u201c und gr\u00fcndeten das Studioprojekt \u201eREMIX\u201c.<\/span><\/span><\/p>\n<p><span style=\"font-size: 16px;\"><span style=\"font-family: tahoma,geneva,sans-serif;\">Sofort wurde mit Unterst\u00fctzung von Wolfgang Ettig am Bass mit neuen Aufnahmen begonnen. Dick&#8217;s vorhandenes Aufnahmestudio wurde erweitert und nach 2 Jahren lagen zwei CD&#8217;s mit ausgew\u00e4hlten legend\u00e4ren Instrumentals im CD-Player. Die Schlagzeug-Spuren zu diesen Aufnahmen programmierte Dick am PC mit Hilfe von spezieller Software. Der Mixdown erfolgte in Peters Tonstudio.<\/span><\/span><\/p>\n<p><span style=\"font-size: 16px;\"><span style=\"font-family: tahoma,geneva,sans-serif;\">Back to the roots\u2026. Nachdem das Studio-Projekt \u201eREMIX\u201c zun\u00e4chst beendet wurde, wandte sich die Gruppe um Dick Barber der Skiffle-Musik zu und mit Achim Falke am Waschbrett, Wolfgang am Bass und Peter am Banjo gr\u00fcndete man die Band &#8222;<strong>Dick Barber&#8217;s Skiffle Men<\/strong>&#8222;.<\/span><\/span><\/p>\n","protected":false},"excerpt":{"rendered":"<p>Es war im Jahre 1960, als Dick seine erste Gitarre kaufte. Er wollte unbedingt wie Hank Marvin spielen, seit er Apache von &#8222;The Shadows&#8220; im Radio h\u00f6rte. In den Jahren davor war er auch gro\u00dfer Fan von Bill Haley, Elvis und nat\u00fcrlich von &#8222;The King of Skiffle&#8220; &#8211; Lonnie Donegan. Seinen ersten Verst\u00e4rker hat Dick &hellip; <a href=\"https:\/\/skifflemen.de\/?page_id=6\" class=\"more-link\"><span class=\"screen-reader-text\">&#8222;Dick&#8220; <\/span>weiterlesen<\/a><\/p>\n","protected":false},"author":2,"featured_media":0,"parent":0,"menu_order":0,"comment_status":"closed","ping_status":"closed","template":"","meta":{"footnotes":""},"_links":{"self":[{"href":"https:\/\/skifflemen.de\/index.php?rest_route=\/wp\/v2\/pages\/6"}],"collection":[{"href":"https:\/\/skifflemen.de\/index.php?rest_route=\/wp\/v2\/pages"}],"about":[{"href":"https:\/\/skifflemen.de\/index.php?rest_route=\/wp\/v2\/types\/page"}],"author":[{"embeddable":true,"href":"https:\/\/skifflemen.de\/index.php?rest_route=\/wp\/v2\/users\/2"}],"replies":[{"embeddable":true,"href":"https:\/\/skifflemen.de\/index.php?rest_route=%2Fwp%2Fv2%2Fcomments&post=6"}],"version-history":[{"count":14,"href":"https:\/\/skifflemen.de\/index.php?rest_route=\/wp\/v2\/pages\/6\/revisions"}],"predecessor-version":[{"id":822,"href":"https:\/\/skifflemen.de\/index.php?rest_route=\/wp\/v2\/pages\/6\/revisions\/822"}],"wp:attachment":[{"href":"https:\/\/skifflemen.de\/index.php?rest_route=%2Fwp%2Fv2%2Fmedia&parent=6"}],"curies":[{"name":"wp","href":"https:\/\/api.w.org\/{rel}","templated":true}]}}