{"id":8,"date":"2016-01-30T13:48:57","date_gmt":"2016-01-30T12:48:57","guid":{"rendered":"http:\/\/skifflemen.de\/?page_id=8"},"modified":"2024-07-29T10:23:52","modified_gmt":"2024-07-29T08:23:52","slug":"peter","status":"publish","type":"page","link":"https:\/\/skifflemen.de\/?page_id=8","title":{"rendered":"Peter"},"content":{"rendered":"\n<figure class=\"wp-block-image size-large is-resized\"><img loading=\"lazy\" decoding=\"async\" width=\"868\" height=\"1024\" src=\"http:\/\/skifflemen.de\/wp-content\/uploads\/2024\/07\/Peter-1b-868x1024.jpg\" alt=\"\" class=\"wp-image-853\" style=\"width:478px;height:auto\" srcset=\"https:\/\/skifflemen.de\/wp-content\/uploads\/2024\/07\/Peter-1b-868x1024.jpg 868w, https:\/\/skifflemen.de\/wp-content\/uploads\/2024\/07\/Peter-1b-254x300.jpg 254w, https:\/\/skifflemen.de\/wp-content\/uploads\/2024\/07\/Peter-1b-768x906.jpg 768w, https:\/\/skifflemen.de\/wp-content\/uploads\/2024\/07\/Peter-1b-1302x1536.jpg 1302w, https:\/\/skifflemen.de\/wp-content\/uploads\/2024\/07\/Peter-1b-1736x2048.jpg 1736w, https:\/\/skifflemen.de\/wp-content\/uploads\/2024\/07\/Peter-1b-1200x1416.jpg 1200w\" sizes=\"(max-width: 709px) 85vw, (max-width: 909px) 67vw, (max-width: 1362px) 62vw, 840px\" \/><\/figure>\n\n\n\n<p>In liebevoller Erinnerung an Peter, unseren \u201eBanjo Boy\u201c.<br>* 24.06.1939 \u2013 \u2020 23.07.2024<\/p>\n\n\n\n<p>Als Peter 15 Jahre jung war, wurde er gefragt, ob er in einer gerade gegr\u00fcndeten Skiffle-Group mitspielen wolle. Er hatte schon einige Jahre musikalische Erfahrung (Akkordeon, Gitarre) und sagte daher gerne zu. Von nun an wurde auf Schulfesten, Geburtstagen und Tanzabenden &#8222;geskiffelt&#8220;. Die Vorbilder waren Lonnie Donegan &amp; Co. Verst\u00e4rker hatte die Band noch nicht, sodass das elterliche Radioger\u00e4t zur Verst\u00e4rkung des Gesangs herhalten musste.<\/p>\n\n\n\n<p>Nachdem das Interesse an Skiffle in den 60er-Jahren nachgelassen hatte, reizte Peter die E-Gitarre mehr und mehr. Elvis, Bill Haley und die Shadows wurden seine neuen Vorbilder. Er machte sein Hobby \u2013 die Musik \u2013 zum Beruf und gr\u00fcndete 1970 ein Tonstudio, welches sich im Laufe der Jahre auf Volksmusik, Klassik, Chormusik etc. spezialisiert hat. Aus dieser Zeit sind noch Ger\u00e4te vorhanden, die als &#8222;Oldies&#8220; heute noch verwendet werden k\u00f6nnen.<\/p>\n\n\n\n<p>\u00dcber die Jahre Peter spielte mit vielen anderen Musikern in verschiedenen Bands. u.a. die Band <strong>&#8222;Old Guitar Strings&#8220;<\/strong>. Und mit Hanspeter (Jimmy) G\u00fcnster gr\u00fcndete er den Frankfurter Internetradiosender <strong>&#8222;Intertape&#8220;.<\/strong><\/p>\n\n\n\n<p>Auf einer Geburtstagsfeier in 2011 lernte Peter Dick Barber kennen und mit Wolfgang Ettig (Bass) war bald eine neue Formation entstanden. Sie nannten die band <strong>&#8222;REMIX&#8220;.<\/strong> Nach zwei gelungenen CD-Produktionen (<em><strong>Twilight Time<\/strong><\/em>&nbsp;und&nbsp;<em><strong>Midnight<\/strong><\/em>), die legend\u00e4re Gitarren-Instrumentals zum Inhalt haben, beschloss die Band, noch einmal musikalisches &#8222;Neuland&#8220; zu betreten.<\/p>\n\n\n\n<p>Sie gr\u00fcndeten die &#8222;<strong>Skiffle Men&#8220;<\/strong>\u00a0in 2015. Achim Falke (Percussion) kam dazu und Peter h\u00e4ngte die Gitarre an die Wand und kaufte sich ein Tenorbanjo. Mit Skiffle hat bei Peter alles angefangen und mit Skiffle ging es bis zuletzt \u2026<\/p>\n\n\n\n<p>\u2026 und so war es \u2026. Liebe Musikfreunde, schweren Herzens \u00fcberbringen wir euch die Nachricht, dass Peter Krings am 23. Juli 2024 verstorben ist. Er hatte schon lange mit gesundheitlichen Problemen zu k\u00e4mpfen, hielt aber bis zuletzt an seinem gro\u00dfen Interesse an Musik fest. Seine Ideen und Inspiration waren die treibende Kraft in unserer gemeinsamen Zeit. Wir alle werden unser &#8222;Banjo Boy&#8220; Peter schmerzlich vermissen.<\/p>\n","protected":false},"excerpt":{"rendered":"<p>In liebevoller Erinnerung an Peter, unseren \u201eBanjo Boy\u201c.* 24.06.1939 \u2013 \u2020 23.07.2024 Als Peter 15 Jahre jung war, wurde er gefragt, ob er in einer gerade gegr\u00fcndeten Skiffle-Group mitspielen wolle. Er hatte schon einige Jahre musikalische Erfahrung (Akkordeon, Gitarre) und sagte daher gerne zu. Von nun an wurde auf Schulfesten, Geburtstagen und Tanzabenden &#8222;geskiffelt&#8220;. Die &hellip; <a href=\"https:\/\/skifflemen.de\/?page_id=8\" class=\"more-link\"><span class=\"screen-reader-text\">&#8222;Peter&#8220; <\/span>weiterlesen<\/a><\/p>\n","protected":false},"author":2,"featured_media":0,"parent":0,"menu_order":0,"comment_status":"closed","ping_status":"closed","template":"","meta":{"footnotes":""},"_links":{"self":[{"href":"https:\/\/skifflemen.de\/index.php?rest_route=\/wp\/v2\/pages\/8"}],"collection":[{"href":"https:\/\/skifflemen.de\/index.php?rest_route=\/wp\/v2\/pages"}],"about":[{"href":"https:\/\/skifflemen.de\/index.php?rest_route=\/wp\/v2\/types\/page"}],"author":[{"embeddable":true,"href":"https:\/\/skifflemen.de\/index.php?rest_route=\/wp\/v2\/users\/2"}],"replies":[{"embeddable":true,"href":"https:\/\/skifflemen.de\/index.php?rest_route=%2Fwp%2Fv2%2Fcomments&post=8"}],"version-history":[{"count":13,"href":"https:\/\/skifflemen.de\/index.php?rest_route=\/wp\/v2\/pages\/8\/revisions"}],"predecessor-version":[{"id":866,"href":"https:\/\/skifflemen.de\/index.php?rest_route=\/wp\/v2\/pages\/8\/revisions\/866"}],"wp:attachment":[{"href":"https:\/\/skifflemen.de\/index.php?rest_route=%2Fwp%2Fv2%2Fmedia&parent=8"}],"curies":[{"name":"wp","href":"https:\/\/api.w.org\/{rel}","templated":true}]}}